{"id":34,"date":"2021-04-21T10:23:45","date_gmt":"2021-04-21T08:23:45","guid":{"rendered":"https:\/\/www.mgfastigheter.se\/?page_id=34"},"modified":"2022-01-04T15:09:37","modified_gmt":"2022-01-04T14:09:37","slug":"kontakta-oss","status":"publish","type":"page","link":"https:\/\/www.mgfastigheter.se\/?page_id=34","title":{"rendered":"Kontakta oss"},"content":{"rendered":"\n<div class=\"wp-block-columns is-layout-flex wp-container-core-columns-is-layout-9d6595d7 wp-block-columns-is-layout-flex\">\n<div class=\"wp-block-column is-layout-flow wp-block-column-is-layout-flow\" style=\"flex-basis:33.33%\">\n<p><strong>Kontakta oss:<\/strong><br><br>Vi svara i telefon helgfria vardagar: klockan 07:00 &#8211; 17:00<br><br>L\u00f6rdagar: <br>klockan 10:00 -13:00<br><br><\/p>\n<\/div>\n\n\n\n<div class=\"wp-block-column is-layout-flow wp-block-column-is-layout-flow\" style=\"flex-basis:66.66%\">\n<p>M&amp;G Fastigheter<br>Kr\u00e4marv\u00e4gen 3, 458 32 F\u00e4rgelanda<br><br>Germund Bryntesson<br>Telefon: 070-479 45 21<br>E-post: <a href=\"mailto:germund@fargelandabygghandel.se\">germund@fargelandabygghandel.se<\/a><br><br>Martin Johansson<br>Telefon: 073-653 84 44<br>E-post: <a href=\"mailto:martinogermundsbygg@hotmail.com\">martin@fargelandabygghandel.se<\/a><\/p>\n<\/div>\n<\/div>\n","protected":false},"excerpt":{"rendered":"<p>Kontakta oss: Vi svara i telefon helgfria vardagar: klockan 07:00 &#8211; 17:00 L\u00f6rdagar: klockan 10:00 -13:00 M&amp;G FastigheterKr\u00e4marv\u00e4gen 3, 458 32 F\u00e4rgelanda Germund BryntessonTelefon: 070-479 45 21E-post: germund@fargelandabygghandel.se Martin JohanssonTelefon: 073-653 84 44E-post: martin@fargelandabygghandel.se<\/p>\n","protected":false},"author":1,"featured_media":0,"parent":0,"menu_order":0,"comment_status":"closed","ping_status":"closed","template":"","meta":{"footnotes":""},"class_list":["post-34","page","type-page","status-publish","hentry"],"_links":{"self":[{"href":"https:\/\/www.mgfastigheter.se\/index.php?rest_route=\/wp\/v2\/pages\/34","targetHints":{"allow":["GET"]}}],"collection":[{"href":"https:\/\/www.mgfastigheter.se\/index.php?rest_route=\/wp\/v2\/pages"}],"about":[{"href":"https:\/\/www.mgfastigheter.se\/index.php?rest_route=\/wp\/v2\/types\/page"}],"author":[{"embeddable":true,"href":"https:\/\/www.mgfastigheter.se\/index.php?rest_route=\/wp\/v2\/users\/1"}],"replies":[{"embeddable":true,"href":"https:\/\/www.mgfastigheter.se\/index.php?rest_route=%2Fwp%2Fv2%2Fcomments&post=34"}],"version-history":[{"count":3,"href":"https:\/\/www.mgfastigheter.se\/index.php?rest_route=\/wp\/v2\/pages\/34\/revisions"}],"predecessor-version":[{"id":109,"href":"https:\/\/www.mgfastigheter.se\/index.php?rest_route=\/wp\/v2\/pages\/34\/revisions\/109"}],"wp:attachment":[{"href":"https:\/\/www.mgfastigheter.se\/index.php?rest_route=%2Fwp%2Fv2%2Fmedia&parent=34"}],"curies":[{"name":"wp","href":"https:\/\/api.w.org\/{rel}","templated":true}]}}