{"id":33,"date":"2021-04-21T10:23:45","date_gmt":"2021-04-21T08:23:45","guid":{"rendered":"https:\/\/www.mgfastigheter.se\/?page_id=33"},"modified":"2021-04-22T11:01:25","modified_gmt":"2021-04-22T09:01:25","slug":"stall-dig-i-bostadsko","status":"publish","type":"page","link":"https:\/\/www.mgfastigheter.se\/?page_id=33","title":{"rendered":"St\u00e4ll dig i bostadsk\u00f6"},"content":{"rendered":"\n<p>Vill st\u00e4lla dig i k\u00f6 till n\u00e5gon av v\u00e5ra l\u00e4genheter? <\/p>\n\n\n\n<p>Fyll i formul\u00e4ret nedan och skicka till oss.<\/p>\n\n\n<div class=\"frm_forms  with_frm_style frm_style_formidables-stilmall\" id=\"frm_form_1_container\" >\n<form enctype=\"multipart\/form-data\" method=\"post\" class=\"frm-show-form \" id=\"form_contact-form\" >\n<div class=\"frm_form_fields \">\n<fieldset>\n<legend class=\"frm_screen_reader\">Contact Us<\/legend>\r\n\r\n<div class=\"frm_fields_container\">\n<input type=\"hidden\" name=\"frm_action\" value=\"create\" \/>\n<input type=\"hidden\" name=\"form_id\" value=\"1\" \/>\n<input type=\"hidden\" name=\"frm_hide_fields_1\" id=\"frm_hide_fields_1\" value=\"\" \/>\n<input type=\"hidden\" name=\"form_key\" value=\"contact-form\" \/>\n<input type=\"hidden\" name=\"item_meta[0]\" value=\"\" \/>\n<input type=\"hidden\" id=\"frm_submit_entry_1\" name=\"frm_submit_entry_1\" value=\"db1d8a0909\" \/><input type=\"hidden\" name=\"_wp_http_referer\" value=\"\/index.php?rest_route=%2Fwp%2Fv2%2Fpages%2F33\" \/><div id=\"frm_field_1_container\" class=\"frm_form_field form-field  frm_required_field frm_top_container frm_first frm_half\">\r\n    <label for=\"field_qh4icy\" id=\"field_qh4icy_label\" class=\"frm_primary_label\">Namn\r\n        <span class=\"frm_required\" aria-hidden=\"true\">*<\/span>\r\n    <\/label>\r\n    <input type=\"text\" id=\"field_qh4icy\" name=\"item_meta[1]\" value=\"\"  data-reqmsg=\"Detta f\u00e4lt kan inte vara tomt.\" aria-required=\"true\" data-invmsg=\"Name \u00e4r ogiltigt\" aria-invalid=\"false\"  \/>\r\n    \r\n    \r\n<\/div>\n<div id=\"frm_field_3_container\" class=\"frm_form_field form-field  frm_required_field frm_top_container frm_full\">\r\n    <label for=\"field_29yf4d\" id=\"field_29yf4d_label\" class=\"frm_primary_label\">Epost\r\n        <span class=\"frm_required\" aria-hidden=\"true\">*<\/span>\r\n    <\/label>\r\n    <input type=\"email\" id=\"field_29yf4d\" name=\"item_meta[3]\" value=\"\"  data-reqmsg=\"Detta f\u00e4lt kan inte vara tomt.\" aria-required=\"true\" data-invmsg=\"Please enter a valid email address\" aria-invalid=\"false\"  \/>\r\n    \r\n    \r\n<\/div>\n<div id=\"frm_field_4_container\" class=\"frm_form_field form-field  frm_required_field frm_top_container frm_full\">\r\n    <label for=\"field_e6lis6\" id=\"field_e6lis6_label\" class=\"frm_primary_label\">Telefon\r\n        <span class=\"frm_required\" aria-hidden=\"true\">*<\/span>\r\n    <\/label>\r\n    <input type=\"text\" id=\"field_e6lis6\" name=\"item_meta[4]\" value=\"\"  data-reqmsg=\"Detta f\u00e4lt kan inte vara tomt.\" aria-required=\"true\" data-invmsg=\"Subject \u00e4r ogiltigt\" aria-invalid=\"false\"  \/>\r\n    \r\n    \r\n<\/div>\n<div id=\"frm_field_8_container\" class=\"frm_form_field form-field  frm_top_container vertical_radio\">\n\t<div  id=\"field_pbohw_label\" class=\"frm_primary_label\">Intresserad av:\n\t\t<span class=\"frm_required\" aria-hidden=\"true\"><\/span>\n\t<\/div>\n\t<div class=\"frm_opt_container\" aria-labelledby=\"field_pbohw_label\" role=\"group\">\t\t<div class=\"frm_checkbox\" id=\"frm_checkbox_8-0\">\t\t\t<label  for=\"field_pbohw-0\">\n\t\t\t<input type=\"checkbox\" name=\"item_meta[8][]\" id=\"field_pbohw-0\" value=\"2:a 69 m\u00b2\"  data-invmsg=\"Intresserad av: \u00e4r ogiltigt\"   \/> 2:a 69 m\u00b2<\/label><\/div>\n\t\t<div class=\"frm_checkbox\" id=\"frm_checkbox_8-1\">\t\t\t<label  for=\"field_pbohw-1\">\n\t\t\t<input type=\"checkbox\" name=\"item_meta[8][]\" id=\"field_pbohw-1\" value=\"3:a 74 m\u00b2\"  data-invmsg=\"Intresserad av: \u00e4r ogiltigt\"   \/> 3:a 74 m\u00b2<\/label><\/div>\n\t\t<div class=\"frm_checkbox\" id=\"frm_checkbox_8-2\">\t\t\t<label  for=\"field_pbohw-2\">\n\t\t\t<input type=\"checkbox\" name=\"item_meta[8][]\" id=\"field_pbohw-2\" value=\"4:a 95 m\u00b2\"  data-invmsg=\"Intresserad av: \u00e4r ogiltigt\"   \/> 4:a 95 m\u00b2<\/label><\/div>\n<\/div>\n\t\n\t\n<\/div>\n<div id=\"frm_field_6_container\" class=\"frm_form_field form-field  frm_required_field frm_right_container vertical_radio\">\r\n    <div  id=\"field_13vix_label\" class=\"frm_primary_label\">\r\n        <span class=\"frm_required\" aria-hidden=\"true\">*<\/span>\r\n    <\/div>\r\n    <div class=\"frm_opt_container\" aria-labelledby=\"field_13vix_label\" role=\"group\">\t\t<div class=\"frm_checkbox\" id=\"frm_checkbox_6-0\">\t\t\t<label  for=\"field_13vix-0\">\n\t\t\t<input type=\"checkbox\" name=\"item_meta[6][]\" id=\"field_13vix-0\" value=\"Jag godk\u00e4nner att personuppgifter sparas.\"  data-reqmsg=\"Detta f\u00e4lt kan inte vara tomt.\" data-invmsg=\"Detta f\u00e4lt \u00e4r ogiltigt\"   aria-required=\"true\"  \/> Jag godk\u00e4nner att personuppgifter sparas.<\/label><\/div>\n<\/div>\r\n    \r\n    \r\n<\/div>\n<div id=\"frm_field_7_container\" class=\"frm_form_field form-field \">\r\n\t<div class=\"frm_submit\">\r\n\r\n<button class=\"frm_button_submit\" type=\"submit\"  >Skicka<\/button>\r\n\r\n<\/div>\r\n<\/div>\n\t<input type=\"hidden\" name=\"item_key\" value=\"\" \/>\n\t\t\t<div id=\"frm_field_9_container\">\n\t\t\t<label for=\"field_jrqq0\" >\n\t\t\t\tOm du \u00e4r m\u00e4nsklig, l\u00e4mna det h\u00e4r f\u00e4ltet tomt.\t\t\t<\/label>\n\t\t\t<input  id=\"field_jrqq0\" type=\"text\" class=\"frm_form_field form-field frm_verify\" name=\"item_meta[9]\" value=\"\"  \/>\n\t\t<\/div>\n\t\t<input name=\"frm_state\" type=\"hidden\" value=\"gqgpxfVt6avMeeIcX5cbTr4QX0UaTAgn+mNfIpeojXs=\" \/><\/div>\n<\/fieldset>\n<\/div>\n\n<\/form>\n<\/div>\n\n\n\n\n<p><\/p>\n","protected":false},"excerpt":{"rendered":"<p>Vill st\u00e4lla dig i k\u00f6 till n\u00e5gon av v\u00e5ra l\u00e4genheter? Fyll i formul\u00e4ret nedan och skicka till oss.<\/p>\n","protected":false},"author":1,"featured_media":0,"parent":0,"menu_order":0,"comment_status":"closed","ping_status":"closed","template":"","meta":{"footnotes":""},"class_list":["post-33","page","type-page","status-publish","hentry"],"_links":{"self":[{"href":"https:\/\/www.mgfastigheter.se\/index.php?rest_route=\/wp\/v2\/pages\/33","targetHints":{"allow":["GET"]}}],"collection":[{"href":"https:\/\/www.mgfastigheter.se\/index.php?rest_route=\/wp\/v2\/pages"}],"about":[{"href":"https:\/\/www.mgfastigheter.se\/index.php?rest_route=\/wp\/v2\/types\/page"}],"author":[{"embeddable":true,"href":"https:\/\/www.mgfastigheter.se\/index.php?rest_route=\/wp\/v2\/users\/1"}],"replies":[{"embeddable":true,"href":"https:\/\/www.mgfastigheter.se\/index.php?rest_route=%2Fwp%2Fv2%2Fcomments&post=33"}],"version-history":[{"count":5,"href":"https:\/\/www.mgfastigheter.se\/index.php?rest_route=\/wp\/v2\/pages\/33\/revisions"}],"predecessor-version":[{"id":171,"href":"https:\/\/www.mgfastigheter.se\/index.php?rest_route=\/wp\/v2\/pages\/33\/revisions\/171"}],"wp:attachment":[{"href":"https:\/\/www.mgfastigheter.se\/index.php?rest_route=%2Fwp%2Fv2%2Fmedia&parent=33"}],"curies":[{"name":"wp","href":"https:\/\/api.w.org\/{rel}","templated":true}]}}