{"id":31,"date":"2021-04-21T10:23:45","date_gmt":"2021-04-21T08:23:45","guid":{"rendered":"https:\/\/www.mgfastigheter.se\/?page_id=31"},"modified":"2021-04-27T14:03:17","modified_gmt":"2021-04-27T12:03:17","slug":"uthyrningspolicy","status":"publish","type":"page","link":"https:\/\/www.mgfastigheter.se\/?page_id=31","title":{"rendered":"Uthyrningspolicy"},"content":{"rendered":"\n<p><\/p>\n\n\n\n<p><strong>M o G fastigheters uthyrningspolicy<\/strong><br>M o G&nbsp;l\u00e4genheter tilldelas i huvudsak till f\u00f6rst i k\u00f6n som uppfyller grundkraven + de ekonomiska kraven.<\/p>\n\n\n\n<p><strong>\u00a0M o G fastigheters grundkrav<\/strong><br>F\u00f6r att f\u00e5 hyra l\u00e4genhet hos\u00a0M o G m\u00e5ste man uppfylla v\u00e5ra grundkrav:<\/p>\n\n\n\n<p>\u2022 ha fyllt 18 \u00e5r<br>\u2022 uppfyller M o G krav f\u00f6r skulder och betalningsanm\u00e4rkningar<br>\u2022 uppfyller M o G inkomstkrav<br>\u2022 inte missk\u00f6tt sin relation till M o G<br>\u2022 varit sk\u00f6tsam i tidigare boende<\/p>\n\n\n\n<p>Uppfylls inte dessa krav kan man inte f\u00e5 en l\u00e4genhet hos M o G. M o G f\u00f6rbeh\u00e5ller sig r\u00e4tten att pr\u00f6va varje hyresg\u00e4st individuellt mot uppsatta krav.<\/p>\n\n\n\n<p><strong>Skulder och betalningsanm\u00e4rkningar<\/strong><\/p>\n\n\n\n<p>En kreditupplysning genomf\u00f6rs alltid f\u00f6r att kontrollera eventuella anm\u00e4rkningar samt betalningsf\u00f6rm\u00e5ga. Visar kreditupplysningen betalningsanm\u00e4rkningar eller skulder kommer vi inte att erbjuda n\u00e5gon l\u00e4genhet. \u00c4r skulderna betalda m\u00e5ste kunden kunna uppvisa goda boendereferenser.<\/p>\n\n\n\n<p><strong>Krav p\u00e5 inkomstniv\u00e5<\/strong><\/p>\n\n\n\n<p>M o G&nbsp;vill att v\u00e5ra hyresg\u00e4ster ska kunna bo kvar i v\u00e5ra l\u00e4genheter och inte hamna i situation d\u00e4r de f\u00e5r sv\u00e5righet att betala hyran. Av den anledningen tittar vi p\u00e5 inkomst i f\u00f6rh\u00e5llande till hyran. \u00c4r det tv\u00e5 som ska hyra l\u00e4genheten tillsammans ser vi p\u00e5 hush\u00e5llets gemensamma inkomstniv\u00e5. Vi g\u00f6r alltid en individuell bed\u00f6mning i dialog med hyresg\u00e4sten n\u00e4r det g\u00e4ller inkomst och betalningsf\u00f6rm\u00e5ga. Det \u00e4r tillr\u00e4ckligt att det \u00e4r sannolikt att du som hyresg\u00e4st har m\u00f6jlighet att betala hyran vid en kalkyl av vad hush\u00e5llet har kvar att leva p\u00e5 efter att hyran \u00e4r betald.<\/p>\n\n\n\n<p>Vi godk\u00e4nner f\u00f6ljande som inkomst:<br>\u2022 l\u00f6n fr\u00e5n arbete, anst\u00e4llning eller egen n\u00e4ringsverksamhet<br>\u2022 a-kassa eller annan arbetsmarknadspolitisk ers\u00e4ttning<br>\u2022 studiemedel och\/eller CSN-l\u00e5n<br>\u2022 pension<br>\u2022 bostadsbidrag, bostadstill\u00e4gg<br>\u2022 skattepliktiga ers\u00e4ttningar fr\u00e5n F\u00f6rs\u00e4kringskassan (till exempel aktivitetsers\u00e4ttning, sjukers\u00e4ttning, sjukpenning, f\u00f6r\u00e4ldrapenning)<\/p>\n\n\n\n<p><strong>S\u00e4rskild h\u00e4nsyn<\/strong><\/p>\n\n\n\n<p>V\u00e5r str\u00e4van \u00e4r att f\u00e5 r\u00e4tt kund till r\u00e4tt bostad och d\u00e4rmed n\u00f6jda hyresg\u00e4ster. Vid valet kan s\u00e4rskild h\u00e4nsyn tas till exempelvis:<br>\u2022ekonomisk eller medicinsk h\u00e4nsyn f\u00f6r hyresg\u00e4ster som redan bor hos M o G<br><br><\/p>\n\n\n\n<p><strong>K\u00f6regler<\/strong><\/p>\n\n\n\n<p>S\u00f6kande som inte \u00e4r aktiv och minst var tolfte m\u00e5nad ringer eller mailar M o G sitt fortsatta intresse stryks ur bostadsk\u00f6n. Ans\u00f6kan f\u00f6rl\u00e4ngs med en ny 12 m\u00e5naders period varje g\u00e5ng den s\u00f6kande tar kontakt med M o G.<\/p>\n\n\n\n<p>S\u00f6kande som tre g\u00e5nger tackat nej till bostadserbjudande som ligger inom ramen f\u00f6r ans\u00f6kan f\u00f6rlorar sin plats i bostadsk\u00f6n och k\u00f6tiden nollst\u00e4lls.<\/p>\n\n\n\n<p><strong>Uthyrning i andra hand<\/strong><\/p>\n\n\n\n<p>Uthyrning i andra hand \u00e4r till\u00e5tet f\u00f6r en begr\u00e4nsad period och ska alltid godk\u00e4nnas av hyresv\u00e4rd.<\/p>\n\n\n\n<p><strong>Vid otill\u00e5ten andrahandsuthyrning eller missbruk av hyresr\u00e4tten genom att \u00f6verl\u00e5ta hyreskontrakt mot betalning kommer f\u00f6rstahandskontrakt att f\u00f6rverkas omg\u00e5ende.<\/strong><\/p>\n\n\n\n<p>M o G Fastigheter AB<\/p>\n\n\n\n<p>Kr\u00e4marv\u00e4gen 3<\/p>\n\n\n\n<p>458 32 F\u00e4rgelanda<\/p>\n\n\n\n<p>070&nbsp;479 45 21<\/p>\n","protected":false},"excerpt":{"rendered":"<p>M o G fastigheters uthyrningspolicyM o G&nbsp;l\u00e4genheter tilldelas i huvudsak till f\u00f6rst i k\u00f6n som uppfyller grundkraven + de ekonomiska kraven. \u00a0M o G fastigheters grundkravF\u00f6r att f\u00e5 hyra l\u00e4genhet hos\u00a0M o G m\u00e5ste man uppfylla v\u00e5ra grundkrav: \u2022 ha fyllt 18 \u00e5r\u2022 uppfyller M o G krav f\u00f6r skulder och betalningsanm\u00e4rkningar\u2022 uppfyller M o [&hellip;]<\/p>\n","protected":false},"author":1,"featured_media":0,"parent":0,"menu_order":0,"comment_status":"closed","ping_status":"closed","template":"","meta":{"footnotes":""},"class_list":["post-31","page","type-page","status-publish","hentry"],"_links":{"self":[{"href":"https:\/\/www.mgfastigheter.se\/index.php?rest_route=\/wp\/v2\/pages\/31","targetHints":{"allow":["GET"]}}],"collection":[{"href":"https:\/\/www.mgfastigheter.se\/index.php?rest_route=\/wp\/v2\/pages"}],"about":[{"href":"https:\/\/www.mgfastigheter.se\/index.php?rest_route=\/wp\/v2\/types\/page"}],"author":[{"embeddable":true,"href":"https:\/\/www.mgfastigheter.se\/index.php?rest_route=\/wp\/v2\/users\/1"}],"replies":[{"embeddable":true,"href":"https:\/\/www.mgfastigheter.se\/index.php?rest_route=%2Fwp%2Fv2%2Fcomments&post=31"}],"version-history":[{"count":3,"href":"https:\/\/www.mgfastigheter.se\/index.php?rest_route=\/wp\/v2\/pages\/31\/revisions"}],"predecessor-version":[{"id":95,"href":"https:\/\/www.mgfastigheter.se\/index.php?rest_route=\/wp\/v2\/pages\/31\/revisions\/95"}],"wp:attachment":[{"href":"https:\/\/www.mgfastigheter.se\/index.php?rest_route=%2Fwp%2Fv2%2Fmedia&parent=31"}],"curies":[{"name":"wp","href":"https:\/\/api.w.org\/{rel}","templated":true}]}}