{"id":30,"date":"2021-04-21T10:23:45","date_gmt":"2021-04-21T08:23:45","guid":{"rendered":"https:\/\/www.mgfastigheter.se\/?page_id=30"},"modified":"2025-10-14T07:49:53","modified_gmt":"2025-10-14T05:49:53","slug":"lediga-lagenheter","status":"publish","type":"page","link":"https:\/\/www.mgfastigheter.se\/?page_id=30","title":{"rendered":"Lediga l\u00e4genheter"},"content":{"rendered":"\n<p>Vi har fr\u00e5n 1\/1 2026 en ledig 2:a p\u00e5 69 kvm. \u00d6nskar ni mer information \u00e4r ni v\u00e4lkomna att maila till Germund p\u00e5 germund@fargelandabygghandel.se<\/p>\n\n\n\n<p><\/p>\n\n\n\n<p><\/p>\n\n\n\n<p><\/p>\n\n\n\n<p><\/p>\n\n\n\n<p>Har ni fler fr\u00e5gor?<\/p>\n\n\n\n<p>Kontakta Germund via mail: germund@fargelandabygghandel.se<\/p>\n\n\n\n<div class=\"wp-block-columns is-layout-flex wp-container-core-columns-is-layout-9d6595d7 wp-block-columns-is-layout-flex\">\n<div class=\"wp-block-column is-layout-flow wp-block-column-is-layout-flow\"><\/div>\n\n\n\n<div class=\"wp-block-column is-layout-flow wp-block-column-is-layout-flow\"><\/div>\n<\/div>\n\n\n\n<div class=\"wp-block-columns is-layout-flex wp-container-core-columns-is-layout-9d6595d7 wp-block-columns-is-layout-flex\">\n<div class=\"wp-block-column is-layout-flow wp-block-column-is-layout-flow\">\n<figure class=\"wp-block-image size-large is-resized\"><img loading=\"lazy\" decoding=\"async\" width=\"1024\" height=\"610\" src=\"https:\/\/www.mgfastigheter.se\/wp-content\/uploads\/2021\/04\/kok-1024x610.jpg\" alt=\"\" class=\"wp-image-100\" style=\"width:288px;height:171px\" srcset=\"https:\/\/www.mgfastigheter.se\/wp-content\/uploads\/2021\/04\/kok-1024x610.jpg 1024w, https:\/\/www.mgfastigheter.se\/wp-content\/uploads\/2021\/04\/kok-300x179.jpg 300w, https:\/\/www.mgfastigheter.se\/wp-content\/uploads\/2021\/04\/kok-768x458.jpg 768w, https:\/\/www.mgfastigheter.se\/wp-content\/uploads\/2021\/04\/kok-1536x916.jpg 1536w, https:\/\/www.mgfastigheter.se\/wp-content\/uploads\/2021\/04\/kok-939x560.jpg 939w, https:\/\/www.mgfastigheter.se\/wp-content\/uploads\/2021\/04\/kok-310x185.jpg 310w, https:\/\/www.mgfastigheter.se\/wp-content\/uploads\/2021\/04\/kok-348x207.jpg 348w, https:\/\/www.mgfastigheter.se\/wp-content\/uploads\/2021\/04\/kok.jpg 1753w\" sizes=\"auto, (max-width: 1024px) 100vw, 1024px\" \/><\/figure>\n<\/div>\n\n\n\n<div class=\"wp-block-column is-layout-flow wp-block-column-is-layout-flow\">\n<figure class=\"wp-block-gallery has-nested-images columns-default is-cropped wp-block-gallery-1 is-layout-flex wp-block-gallery-is-layout-flex\">\n<figure class=\"wp-block-image size-large\"><img loading=\"lazy\" decoding=\"async\" width=\"1024\" height=\"768\" data-id=\"148\" src=\"https:\/\/www.mgfastigheter.se\/wp-content\/uploads\/2025\/06\/IMG20240830150827-1024x768.jpg\" alt=\"\" class=\"wp-image-148\" srcset=\"https:\/\/www.mgfastigheter.se\/wp-content\/uploads\/2025\/06\/IMG20240830150827-1024x768.jpg 1024w, https:\/\/www.mgfastigheter.se\/wp-content\/uploads\/2025\/06\/IMG20240830150827-300x225.jpg 300w, https:\/\/www.mgfastigheter.se\/wp-content\/uploads\/2025\/06\/IMG20240830150827-768x576.jpg 768w, https:\/\/www.mgfastigheter.se\/wp-content\/uploads\/2025\/06\/IMG20240830150827-1536x1152.jpg 1536w, https:\/\/www.mgfastigheter.se\/wp-content\/uploads\/2025\/06\/IMG20240830150827-2048x1536.jpg 2048w, https:\/\/www.mgfastigheter.se\/wp-content\/uploads\/2025\/06\/IMG20240830150827-747x560.jpg 747w, https:\/\/www.mgfastigheter.se\/wp-content\/uploads\/2025\/06\/IMG20240830150827-275x206.jpg 275w, https:\/\/www.mgfastigheter.se\/wp-content\/uploads\/2025\/06\/IMG20240830150827-333x250.jpg 333w\" sizes=\"auto, (max-width: 1024px) 100vw, 1024px\" \/><figcaption class=\"wp-element-caption\">oplus_1048578<\/figcaption><\/figure>\n<\/figure>\n<\/div>\n\n\n\n<div class=\"wp-block-column is-layout-flow wp-block-column-is-layout-flow\">\n<figure class=\"wp-block-gallery has-nested-images columns-default is-cropped wp-block-gallery-2 is-layout-flex wp-block-gallery-is-layout-flex\">\n<figure class=\"wp-block-image size-large\"><img loading=\"lazy\" decoding=\"async\" width=\"1024\" height=\"683\" data-id=\"79\" src=\"https:\/\/www.mgfastigheter.se\/wp-content\/uploads\/2021\/04\/cropped-fasad1_560-1024x683.jpg\" alt=\"\" class=\"wp-image-79\" srcset=\"https:\/\/www.mgfastigheter.se\/wp-content\/uploads\/2021\/04\/cropped-fasad1_560-1024x683.jpg 1024w, https:\/\/www.mgfastigheter.se\/wp-content\/uploads\/2021\/04\/cropped-fasad1_560-300x200.jpg 300w, https:\/\/www.mgfastigheter.se\/wp-content\/uploads\/2021\/04\/cropped-fasad1_560-768x512.jpg 768w, https:\/\/www.mgfastigheter.se\/wp-content\/uploads\/2021\/04\/cropped-fasad1_560-1536x1024.jpg 1536w, https:\/\/www.mgfastigheter.se\/wp-content\/uploads\/2021\/04\/cropped-fasad1_560-840x560.jpg 840w, https:\/\/www.mgfastigheter.se\/wp-content\/uploads\/2021\/04\/cropped-fasad1_560-310x206.jpg 310w, https:\/\/www.mgfastigheter.se\/wp-content\/uploads\/2021\/04\/cropped-fasad1_560-348x232.jpg 348w, https:\/\/www.mgfastigheter.se\/wp-content\/uploads\/2021\/04\/cropped-fasad1_560.jpg 1920w\" sizes=\"auto, (max-width: 1024px) 100vw, 1024px\" \/><\/figure>\n<\/figure>\n<\/div>\n<\/div>\n\n\n\n<div class=\"wp-block-columns is-layout-flex wp-container-core-columns-is-layout-9d6595d7 wp-block-columns-is-layout-flex\">\n<div class=\"wp-block-column is-layout-flow wp-block-column-is-layout-flow\">\n<h5 class=\"wp-block-heading has-text-align-center\">Ljungv\u00e4gen 6, F\u00e4rgelanda<\/h5>\n<\/div>\n\n\n\n<div class=\"wp-block-column is-layout-flow wp-block-column-is-layout-flow\">\n<h5 class=\"wp-block-heading has-text-align-center\">Ljungv\u00e4gen 6, F\u00e4rgelanda<\/h5>\n<\/div>\n\n\n\n<div class=\"wp-block-column is-layout-flow wp-block-column-is-layout-flow\">\n<h5 class=\"wp-block-heading has-text-align-center\">Ljungv\u00e4gen 6, F\u00e4rgelanda<\/h5>\n<\/div>\n<\/div>\n\n\n\n<div class=\"wp-block-columns is-layout-flex wp-container-core-columns-is-layout-9d6595d7 wp-block-columns-is-layout-flex\">\n<div class=\"wp-block-column is-layout-flow wp-block-column-is-layout-flow\">\n<p>2-rums&#8230;<\/p>\n<\/div>\n\n\n\n<div class=\"wp-block-column is-layout-flow wp-block-column-is-layout-flow\">\n<p>3-rums&#8230;<\/p>\n<\/div>\n\n\n\n<div class=\"wp-block-column is-layout-flow wp-block-column-is-layout-flow\">\n<p>4-rums&#8230;<\/p>\n<\/div>\n<\/div>\n","protected":false},"excerpt":{"rendered":"<p>Vi har fr\u00e5n 1\/1 2026 en ledig 2:a p\u00e5 69 kvm. \u00d6nskar ni mer information \u00e4r ni v\u00e4lkomna att maila till Germund p\u00e5 germund@fargelandabygghandel.se Har ni fler fr\u00e5gor? Kontakta Germund via mail: germund@fargelandabygghandel.se Ljungv\u00e4gen 6, F\u00e4rgelanda Ljungv\u00e4gen 6, F\u00e4rgelanda Ljungv\u00e4gen 6, F\u00e4rgelanda 2-rums&#8230; 3-rums&#8230; 4-rums&#8230;<\/p>\n","protected":false},"author":1,"featured_media":0,"parent":0,"menu_order":0,"comment_status":"closed","ping_status":"closed","template":"","meta":{"footnotes":""},"class_list":["post-30","page","type-page","status-publish","hentry"],"_links":{"self":[{"href":"https:\/\/www.mgfastigheter.se\/index.php?rest_route=\/wp\/v2\/pages\/30","targetHints":{"allow":["GET"]}}],"collection":[{"href":"https:\/\/www.mgfastigheter.se\/index.php?rest_route=\/wp\/v2\/pages"}],"about":[{"href":"https:\/\/www.mgfastigheter.se\/index.php?rest_route=\/wp\/v2\/types\/page"}],"author":[{"embeddable":true,"href":"https:\/\/www.mgfastigheter.se\/index.php?rest_route=\/wp\/v2\/users\/1"}],"replies":[{"embeddable":true,"href":"https:\/\/www.mgfastigheter.se\/index.php?rest_route=%2Fwp%2Fv2%2Fcomments&post=30"}],"version-history":[{"count":25,"href":"https:\/\/www.mgfastigheter.se\/index.php?rest_route=\/wp\/v2\/pages\/30\/revisions"}],"predecessor-version":[{"id":169,"href":"https:\/\/www.mgfastigheter.se\/index.php?rest_route=\/wp\/v2\/pages\/30\/revisions\/169"}],"wp:attachment":[{"href":"https:\/\/www.mgfastigheter.se\/index.php?rest_route=%2Fwp%2Fv2%2Fmedia&parent=30"}],"curies":[{"name":"wp","href":"https:\/\/api.w.org\/{rel}","templated":true}]}}